{"id":975,"date":"2025-10-22T14:00:45","date_gmt":"2025-10-22T14:00:45","guid":{"rendered":"https:\/\/lepetitmuseeduvin.com\/tastings-workshops\/"},"modified":"2026-04-24T15:53:58","modified_gmt":"2026-04-24T15:53:58","slug":"agenda","status":"publish","type":"page","link":"https:\/\/lepetitmuseeduvin.com\/en\/agenda\/","title":{"rendered":"Agenda"},"content":{"rendered":"\n<div class=\"wp-block-stackable-columns alignfull stk-block-columns stk-block stk-948158f stk-block-background stk--has-background-overlay\" data-block-id=\"948158f\"><style>.stk-948158f {background-image:url(https:\/\/lepetitmuseeduvin.com\/wp-content\/uploads\/2025\/12\/Gemini_Generated_Image_7kma197kma197kma-1-scaled-e1764939128879.webp) !important;min-height:836px !important;align-items:center !important;padding-top:var(--stk--preset--spacing--70, 3.38rem) !important;padding-right:var(--stk--preset--spacing--70, 3.38rem) !important;padding-bottom:var(--stk--preset--spacing--70, 3.38rem) !important;padding-left:var(--stk--preset--spacing--70, 3.38rem) !important;margin-bottom:0px !important;display:flex !important;}.stk-948158f:before{background-color:#000000 !important;opacity:0.6 !important;}@media screen and (max-width:689px){.stk-948158f {background-repeat:no-repeat !important;background-size:cover !important;min-height:var(--stk--preset--block-height--none, 0px) !important;}}<\/style><div class=\"stk-row stk-inner-blocks stk-block-content stk-content-align stk-948158f-column alignwide\">\n<div class=\"wp-block-stackable-column stk-block-column stk-column stk-block stk-98a4699\" data-v=\"4\" data-block-id=\"98a4699\"><div class=\"stk-column-wrapper stk-block-column__content stk-container stk-98a4699-container stk--no-background stk--no-padding\"><div class=\"has-text-align-center stk-block-content stk-inner-blocks stk-98a4699-inner-blocks\">\n<div class=\"wp-block-stackable-subtitle stk-block-subtitle stk-block stk-01b6586\" data-block-id=\"01b6586\"><style>.stk-01b6586 .stk-block-subtitle__text{color:#ffffff !important;text-transform:uppercase !important;font-family:\"Josefin Sans\", Sans-serif !important;}<\/style><p class=\"stk-block-subtitle__text stk-subtitle has-text-color has-text-align-center has-text-align-left-mobile\">le petit mus\u00e9e du vin<\/p><\/div>\n\n\n\n<div class=\"wp-block-stackable-heading stk-block-heading stk-block-heading--v2 stk-block stk-32cb5d6\" id=\"heading-placeholder\" data-block-id=\"32cb5d6\"><style>.stk-32cb5d6 .stk-block-heading__text{font-size:55px !important;color:#ffffff !important;}@media screen and (max-width:999px){.stk-32cb5d6 .stk-block-heading__text{font-size:50px !important;}}@media screen and (max-width:689px){.stk-32cb5d6 {margin-bottom:0px !important;}.stk-32cb5d6 .stk-block-heading__text{font-size:20px !important;}}<\/style><h2 class=\"stk-block-heading__text has-text-color has-text-align-center has-text-align-left-mobile\">Wine tasting workshops<\/h2><\/div>\n\n\n\n<p class=\"has-palette-color-3-color has-text-color has-link-color wp-elements-92adfbe36a91f8a9c4e48ec4d3a2a622\" style=\"padding-right:0;padding-left:0;font-size:clamp(14px, 0.875rem + ((1vw - 3.2px) * 0.391), 19px);font-style:normal;font-weight:400\">Le Petit Mus\u00e9e du Vin also hosts classic and offbeat events for a different way to experience wine.<\/p>\n\n\n\n<div class=\"smtz-w\"\n      data-smtz-gid=\"19810\"\n      data-smtz-wid=\"4888\"\n      >\n      <\/div>\n\n\n\n<div class=\"smtz-w\"\n      data-smtz-gid=\"19810\"\n      data-smtz-wid=\"4740\"\n      >\n      <\/div>\n<\/div><\/div><\/div>\n<\/div><\/div>\n\n\n\n<p><\/p>\n\n\n\n<div class=\"wp-block-stackable-columns aligncenter stk-block-columns stk-block stk-86f7567\" data-block-id=\"86f7567\"><style>.stk-86f7567 .stk--block-align-86f7567{align-items:center !important;}.stk-86f7567 {margin-right:var(--stk--preset--spacing--50, 1.5rem) !important;margin-bottom:var(--stk--preset--spacing--none, 0px) !important;margin-left:var(--stk--preset--spacing--50, 1.5rem) !important;}<\/style><div class=\"stk-row stk-inner-blocks has-text-align-left stk--block-align-86f7567 stk-block-content stk-content-align stk-86f7567-column\">\n<div class=\"wp-block-stackable-column stk-block-column stk-column stk-block stk-73dfa33\" data-v=\"4\" data-block-id=\"73dfa33\"><div class=\"stk-column-wrapper stk-block-column__content stk-container stk-73dfa33-container stk--no-background stk--no-padding\"><div class=\"stk-block-content stk-inner-blocks stk-73dfa33-inner-blocks\">\n<div class=\"wp-block-stackable-heading stk-block-heading stk-block-heading--v2 stk-block stk-8a8b1ee\" id=\"long-subheading-placeholder\" data-block-id=\"8a8b1ee\"><style>.stk-8a8b1ee {margin-bottom:0px !important;}<\/style><h3 class=\"stk-block-heading__text has-text-align-right\">Wine Break<\/h3><\/div>\n\n\n\n<p class=\"has-text-align-right\">You don\u2019t study wine you experience it. Treat yourself to a unique getaway in the heart of Lyon: Olfactory games, indulgent pairings, and aromatic challenges to awaken your instincts. <strong>Who says wine has to be serious to be good?<\/strong><\/p>\n\n\n\n<div class=\"wp-block-stackable-button-group stk-block-button-group stk-block stk-b6849a5\" data-block-id=\"b6849a5\"><div class=\"stk-row stk-inner-blocks has-text-align-right stk-block-content stk-button-group\">\n<div class=\"wp-block-stackable-button stk-block-button has-text-align-right stk-block stk-6fae7da\" data-block-id=\"6fae7da\"><style>.stk-6fae7da .stk-button{padding-right:var(--stk--preset--spacing--none, 0px) !important;padding-left:var(--stk--preset--spacing--30, 0.67rem) !important;}<\/style><a class=\"stk-link stk-button stk--hover-effect-darken\" href=\"https:\/\/lepetitmuseeduvin.com\/en\/agenda\/wine-break\/\"><span class=\"stk-button__inner-text\">That interests me!<\/span><span class=\"stk--svg-wrapper\"><div class=\"stk--inner-svg\"><svg xmlns=\"http:\/\/www.w3.org\/2000\/svg\" viewBox=\"0 0 320 512\" aria-hidden=\"true\" width=\"32\" height=\"32\"><path d=\"M278.6 233.4c12.5 12.5 12.5 32.8 0 45.3l-160 160c-12.5 12.5-32.8 12.5-45.3 0s-12.5-32.8 0-45.3L210.7 256 73.4 118.6c-12.5-12.5-12.5-32.8 0-45.3s32.8-12.5 45.3 0l160 160z\"\/><\/svg><\/div><\/span><\/a><\/div>\n<\/div><\/div>\n<\/div><\/div><\/div>\n\n\n\n<div class=\"wp-block-stackable-column stk-block-column stk-column stk-block stk-f59bba4\" data-v=\"4\" data-block-id=\"f59bba4\"><div class=\"stk-column-wrapper stk-block-column__content stk-container stk-f59bba4-container stk--no-background stk--no-padding\"><div class=\"stk-block-content stk-inner-blocks stk-f59bba4-inner-blocks\">\n<div class=\"wp-block-stackable-image stk-block-image stk-block stk-38b875b\" data-block-id=\"38b875b\"><style>.stk-38b875b .stk-img-wrapper{aspect-ratio:1\/1 !important;width:100% !important;height:373px !important;}.stk-38b875b .stk-img-wrapper img{object-position:52% 53% !important;object-fit:cover !important;}<\/style><figure><span class=\"stk-img-wrapper stk-image--shape-stretch\"><img loading=\"lazy\" decoding=\"async\" class=\"stk-img wp-image-1896\" src=\"https:\/\/lepetitmuseeduvin.com\/wp-content\/uploads\/2026\/04\/Design-sans-titre-37-1024x768.webp\" width=\"1024\" height=\"768\" alt=\"Cours d'oenologie Lyon\" srcset=\"https:\/\/lepetitmuseeduvin.com\/wp-content\/uploads\/2026\/04\/Design-sans-titre-37-1024x768.webp 1024w, https:\/\/lepetitmuseeduvin.com\/wp-content\/uploads\/2026\/04\/Design-sans-titre-37-300x225.webp 300w, https:\/\/lepetitmuseeduvin.com\/wp-content\/uploads\/2026\/04\/Design-sans-titre-37-768x576.webp 768w, https:\/\/lepetitmuseeduvin.com\/wp-content\/uploads\/2026\/04\/Design-sans-titre-37-1536x1151.webp 1536w, https:\/\/lepetitmuseeduvin.com\/wp-content\/uploads\/2026\/04\/Design-sans-titre-37.webp 2048w\" sizes=\"auto, (max-width: 1024px) 100vw, 1024px\" \/><\/span><\/figure><\/div>\n<\/div><\/div><\/div>\n<\/div><\/div>\n\n\n\n<div class=\"wp-block-stackable-columns aligncenter stk-block-columns stk-block stk-5ec7dec stk-block-background\" data-block-id=\"5ec7dec\"><style>.stk-5ec7dec {background-color:var(--theme-palette-color-4, #CA9A2F) !important;border-top-left-radius:var(--stk--preset--border-radius--large, 16px) !important;border-top-right-radius:var(--stk--preset--border-radius--large, 16px) !important;border-bottom-right-radius:var(--stk--preset--border-radius--large, 16px) !important;border-bottom-left-radius:var(--stk--preset--border-radius--large, 16px) !important;overflow:hidden !important;margin-top:var(--stk--preset--spacing--70, 3.38rem) !important;margin-bottom:var(--stk--preset--spacing--70, 3.38rem) !important;}.stk-5ec7dec:before{background-color:var(--theme-palette-color-4, #CA9A2F) !important;}<\/style><div class=\"stk-row stk-inner-blocks stk-block-content stk-content-align stk-5ec7dec-column\">\n<div class=\"wp-block-stackable-column stk-block-column stk-column stk-block stk-2fc7d58\" data-v=\"4\" data-block-id=\"2fc7d58\"><div class=\"stk-column-wrapper stk-block-column__content stk-container stk-2fc7d58-container stk--no-background stk--no-padding\"><div class=\"has-text-align-center stk-block-content stk-inner-blocks stk-2fc7d58-inner-blocks\">\n<div class=\"wp-block-stackable-columns stk-block-columns stk-block stk-4f4853e\" data-block-id=\"4f4853e\"><style>.stk-4f4853e .stk--block-align-4f4853e{align-items:center !important;}.stk-4f4853e {margin-right:var(--stk--preset--spacing--50, 1.5rem) !important;margin-bottom:var(--stk--preset--spacing--none, 0px) !important;margin-left:var(--stk--preset--spacing--50, 1.5rem) !important;}<\/style><div class=\"stk-row stk-inner-blocks has-text-align-left stk--block-align-4f4853e stk-block-content stk-content-align stk-4f4853e-column\">\n<div class=\"wp-block-stackable-column stk-block-column stk-column stk-block stk-a53b01d\" data-v=\"4\" data-block-id=\"a53b01d\"><div class=\"stk-column-wrapper stk-block-column__content stk-container stk-a53b01d-container stk--no-background stk--no-padding\"><div class=\"stk-block-content stk-inner-blocks stk-a53b01d-inner-blocks\">\n<div class=\"wp-block-stackable-image stk-block-image has-text-align-center stk-block stk-455cab1\" data-block-id=\"455cab1\"><style>.stk-455cab1 .stk-img-wrapper{aspect-ratio:1\/1 !important;width:100% !important;height:373px !important;}.stk-455cab1 .stk-img-wrapper img{transform:scale(1.36) !important;object-position:43% 47% !important;}<\/style><figure><span class=\"stk-img-wrapper stk-image--shape-stretch\"><img alt=\"\" loading=\"lazy\" decoding=\"async\" class=\"stk-img wp-image-456\" src=\"https:\/\/lepetitmuseeduvin.com\/wp-content\/uploads\/2025\/12\/Gemini_Generated_Image_mwv11smwv11smwv1-scaled.webp\" width=\"1920\" height=\"1072\" srcset=\"https:\/\/lepetitmuseeduvin.com\/wp-content\/uploads\/2025\/12\/Gemini_Generated_Image_mwv11smwv11smwv1-scaled.webp 1920w, https:\/\/lepetitmuseeduvin.com\/wp-content\/uploads\/2025\/12\/Gemini_Generated_Image_mwv11smwv11smwv1-300x167.webp 300w, https:\/\/lepetitmuseeduvin.com\/wp-content\/uploads\/2025\/12\/Gemini_Generated_Image_mwv11smwv11smwv1-1024x572.webp 1024w, https:\/\/lepetitmuseeduvin.com\/wp-content\/uploads\/2025\/12\/Gemini_Generated_Image_mwv11smwv11smwv1-768x429.webp 768w, https:\/\/lepetitmuseeduvin.com\/wp-content\/uploads\/2025\/12\/Gemini_Generated_Image_mwv11smwv11smwv1-1536x857.webp 1536w\" sizes=\"auto, (max-width: 1920px) 100vw, 1920px\" \/><\/span><\/figure><\/div>\n<\/div><\/div><\/div>\n\n\n\n<div class=\"wp-block-stackable-column stk-block-column stk-column stk-block stk-8490f8e\" data-v=\"4\" data-block-id=\"8490f8e\"><div class=\"stk-column-wrapper stk-block-column__content stk-container stk-8490f8e-container stk--no-background stk--no-padding\"><div class=\"stk-block-content stk-inner-blocks stk-8490f8e-inner-blocks\">\n<div class=\"wp-block-stackable-heading stk-block-heading stk-block-heading--v2 stk-block stk-75ebce1\" id=\"long-subheading-placeholder\" data-block-id=\"75ebce1\"><style>.stk-75ebce1 {margin-bottom:0px !important;}<\/style><h3 class=\"stk-block-heading__text\"><span style=\"color: #fffffe;\" class=\"stk-highlight\"><strong>An\u00a0<\/strong>introduction<strong>\u00a0to\u00a0<\/strong>wine tasting<\/span><\/h3><\/div>\n\n\n\n<p><span style=\"color: #fffffe;\" class=\"stk-highlight\">No more intimidating jargon: led by our sommelier and host, learn to trust your senses in a friendly atmosphere. A fun workshop to master the basics and finally put your feelings into simple words.<\/span><\/p>\n\n\n\n<div class=\"wp-block-stackable-button-group stk-block-button-group stk-block stk-57a02d4\" data-block-id=\"57a02d4\"><div class=\"stk-row stk-inner-blocks stk-block-content stk-button-group\">\n<div class=\"wp-block-stackable-button stk-block-button has-text-align-center stk-block stk-6674592\" data-block-id=\"6674592\"><style>.stk-6674592 .stk-button{padding-right:var(--stk--preset--spacing--none, 0px) !important;padding-left:var(--stk--preset--spacing--30, 0.67rem) !important;background:#fffffe !important;}.stk-6674592 .stk-button__inner-text{color:var(--theme-palette-color-1, #310E31) !important;}<\/style><a class=\"stk-link stk-button stk--hover-effect-darken\" href=\"https:\/\/lepetitmuseeduvin.com\/en\/agenda\/introducing-wine-tasting\/\"><span class=\"has-text-color stk-button__inner-text\">That interests me!<\/span><span class=\"stk--svg-wrapper\"><div class=\"stk--inner-svg\"><svg xmlns=\"http:\/\/www.w3.org\/2000\/svg\" viewBox=\"0 0 320 512\" aria-hidden=\"true\" width=\"32\" height=\"32\"><path d=\"M278.6 233.4c12.5 12.5 12.5 32.8 0 45.3l-160 160c-12.5 12.5-32.8 12.5-45.3 0s-12.5-32.8 0-45.3L210.7 256 73.4 118.6c-12.5-12.5-12.5-32.8 0-45.3s32.8-12.5 45.3 0l160 160z\"\/><\/svg><\/div><\/span><\/a><\/div>\n<\/div><\/div>\n<\/div><\/div><\/div>\n<\/div><\/div>\n<\/div><\/div><\/div>\n<\/div><\/div>\n\n\n\n<div class=\"wp-block-stackable-columns aligncenter stk-block-columns stk-block stk-95819a0\" data-block-id=\"95819a0\"><style>.stk-95819a0 .stk--block-align-95819a0{align-items:center !important;}.stk-95819a0 {margin-right:var(--stk--preset--spacing--50, 1.5rem) !important;margin-bottom:var(--stk--preset--spacing--none, 0px) !important;margin-left:var(--stk--preset--spacing--50, 1.5rem) !important;}<\/style><div class=\"stk-row stk-inner-blocks has-text-align-left stk--block-align-95819a0 stk-block-content stk-content-align stk-95819a0-column\">\n<div class=\"wp-block-stackable-column stk-block-column stk-column stk-block stk-7ffb7a2\" data-v=\"4\" data-block-id=\"7ffb7a2\"><div class=\"stk-column-wrapper stk-block-column__content stk-container stk-7ffb7a2-container stk--no-background stk--no-padding\"><div class=\"stk-block-content stk-inner-blocks stk-7ffb7a2-inner-blocks\">\n<div class=\"wp-block-stackable-heading stk-block-heading stk-block-heading--v2 stk-block stk-527ea19\" id=\"long-subheading-placeholder\" data-block-id=\"527ea19\"><style>.stk-527ea19 {margin-bottom:0px !important;}<\/style><h3 class=\"stk-block-heading__text has-text-align-right\">Workshop: Les \u00e9picurieuses x Le Petit Mus\u00e9e du Vin<\/h3><\/div>\n\n\n\n<p class=\"has-text-align-right\"><strong>Tired of boring team-building events?<\/strong> Forget traditional meeting rooms and immerse your teams in the sensory world of Le Petit Mus\u00e9e du Vin x Les \u00c9picurieuses. From local specialties to creative workshops, we turn your corporate events into unforgettable memories.<\/p>\n\n\n\n<div class=\"wp-block-stackable-button-group stk-block-button-group stk-block stk-0ce191d\" data-block-id=\"0ce191d\"><div class=\"stk-row stk-inner-blocks has-text-align-right stk-block-content stk-button-group\">\n<div class=\"wp-block-stackable-button stk-block-button stk-block stk-a38632c\" data-block-id=\"a38632c\"><style>.stk-a38632c .stk-button{padding-right:var(--stk--preset--spacing--none, 0px) !important;padding-left:var(--stk--preset--spacing--30, 0.67rem) !important;}<\/style><a class=\"stk-link stk-button stk--hover-effect-darken\" href=\"https:\/\/lepetitmuseeduvin.com\/en\/agenda\/seminaire-les-epicurieuses-x-le-petit-musee-du-vin\/\"><span class=\"stk-button__inner-text\">That interests me!<\/span><span class=\"stk--svg-wrapper\"><div class=\"stk--inner-svg\"><svg xmlns=\"http:\/\/www.w3.org\/2000\/svg\" viewBox=\"0 0 320 512\" aria-hidden=\"true\" width=\"32\" height=\"32\"><path d=\"M278.6 233.4c12.5 12.5 12.5 32.8 0 45.3l-160 160c-12.5 12.5-32.8 12.5-45.3 0s-12.5-32.8 0-45.3L210.7 256 73.4 118.6c-12.5-12.5-12.5-32.8 0-45.3s32.8-12.5 45.3 0l160 160z\"\/><\/svg><\/div><\/span><\/a><\/div>\n<\/div><\/div>\n<\/div><\/div><\/div>\n\n\n\n<div class=\"wp-block-stackable-column stk-block-column stk-column stk-block stk-3f61dce\" data-v=\"4\" data-block-id=\"3f61dce\"><div class=\"stk-column-wrapper stk-block-column__content stk-container stk-3f61dce-container stk--no-background stk--no-padding\"><div class=\"stk-block-content stk-inner-blocks stk-3f61dce-inner-blocks\">\n<div class=\"wp-block-stackable-image stk-block-image stk-block stk-459012d\" data-block-id=\"459012d\"><style>.stk-459012d .stk-img-wrapper{aspect-ratio:1\/1 !important;width:100% !important;height:373px !important;}.stk-459012d .stk-img-wrapper img{object-position:53% 14.000000000000002% !important;object-fit:cover !important;}<\/style><figure><span class=\"stk-img-wrapper stk-image--shape-stretch\"><img loading=\"lazy\" decoding=\"async\" class=\"stk-img wp-image-473\" src=\"https:\/\/lepetitmuseeduvin.com\/wp-content\/uploads\/2025\/12\/Gemini_Generated_Image_7kma197kma197kma-1-scaled-e1764939128879-1024x576.webp\" width=\"1024\" height=\"576\" alt=\"Cours d'oenologie Lyon\" srcset=\"https:\/\/lepetitmuseeduvin.com\/wp-content\/uploads\/2025\/12\/Gemini_Generated_Image_7kma197kma197kma-1-scaled-e1764939128879-1024x576.webp 1024w, https:\/\/lepetitmuseeduvin.com\/wp-content\/uploads\/2025\/12\/Gemini_Generated_Image_7kma197kma197kma-1-scaled-e1764939128879-300x169.webp 300w, https:\/\/lepetitmuseeduvin.com\/wp-content\/uploads\/2025\/12\/Gemini_Generated_Image_7kma197kma197kma-1-scaled-e1764939128879-768x432.webp 768w, https:\/\/lepetitmuseeduvin.com\/wp-content\/uploads\/2025\/12\/Gemini_Generated_Image_7kma197kma197kma-1-scaled-e1764939128879-1536x864.webp 1536w, https:\/\/lepetitmuseeduvin.com\/wp-content\/uploads\/2025\/12\/Gemini_Generated_Image_7kma197kma197kma-1-scaled-e1764939128879.webp 1725w\" sizes=\"auto, (max-width: 1024px) 100vw, 1024px\" \/><\/span><\/figure><\/div>\n<\/div><\/div><\/div>\n<\/div><\/div>\n\n\n\n<p><\/p>\n\n\n\n<p><\/p>\n","protected":false},"excerpt":{"rendered":"<p>le petit mus\u00e9e du vin Wine tasting workshops Le Petit Mus\u00e9e du Vin also hosts classic and offbeat events for a different way to experience wine. Wine Break You don\u2019t study wine you experience it. Treat yourself to a unique getaway in the heart of Lyon: Olfactory games, indulgent pairings, and aromatic challenges to awaken [&hellip;]<\/p>\n","protected":false},"author":1,"featured_media":0,"parent":0,"menu_order":0,"comment_status":"closed","ping_status":"closed","template":"","meta":{"_seopress_robots_primary_cat":"","_seopress_titles_title":"Apprendre le vin \u00e0 Lyon - Ateliers d'\u0153nologie tous niveaux","_seopress_titles_desc":"Participez \u00e0 nos ateliers d\u00e9gustation \u00e0 Lyon 7\u00e8me. De l'initiation \u00e0 l'\u0153nologie aux accords mets & vins, apprenez \u00e0 d\u00e9guster dans nos caves vo\u00fbt\u00e9es. R\u00e9servation en ligne.","_seopress_robots_index":"","footnotes":""},"class_list":["post-975","page","type-page","status-publish","hentry"],"blocksy_meta":[],"_links":{"self":[{"href":"https:\/\/lepetitmuseeduvin.com\/en\/wp-json\/wp\/v2\/pages\/975","targetHints":{"allow":["GET"]}}],"collection":[{"href":"https:\/\/lepetitmuseeduvin.com\/en\/wp-json\/wp\/v2\/pages"}],"about":[{"href":"https:\/\/lepetitmuseeduvin.com\/en\/wp-json\/wp\/v2\/types\/page"}],"author":[{"embeddable":true,"href":"https:\/\/lepetitmuseeduvin.com\/en\/wp-json\/wp\/v2\/users\/1"}],"replies":[{"embeddable":true,"href":"https:\/\/lepetitmuseeduvin.com\/en\/wp-json\/wp\/v2\/comments?post=975"}],"version-history":[{"count":7,"href":"https:\/\/lepetitmuseeduvin.com\/en\/wp-json\/wp\/v2\/pages\/975\/revisions"}],"predecessor-version":[{"id":1906,"href":"https:\/\/lepetitmuseeduvin.com\/en\/wp-json\/wp\/v2\/pages\/975\/revisions\/1906"}],"wp:attachment":[{"href":"https:\/\/lepetitmuseeduvin.com\/en\/wp-json\/wp\/v2\/media?parent=975"}],"curies":[{"name":"wp","href":"https:\/\/api.w.org\/{rel}","templated":true}]}}