{"id":1551,"date":"2026-02-19T10:45:37","date_gmt":"2026-02-19T10:45:37","guid":{"rendered":"https:\/\/lepetitmuseeduvin.com\/tastings-workshops\/sinitier-a-la-degustation\/"},"modified":"2026-03-25T14:54:44","modified_gmt":"2026-03-25T14:54:44","slug":"introducing-wine-tasting","status":"publish","type":"page","link":"https:\/\/lepetitmuseeduvin.com\/en\/calendar\/introducing-wine-tasting\/","title":{"rendered":"Introducing to wine tasting"},"content":{"rendered":"\n<div class=\"wp-block-stackable-columns alignfull stk-block-columns stk-block stk-948158f stk-block-background stk--has-background-overlay\" data-block-id=\"948158f\"><style>.stk-948158f {background-image:url(https:\/\/lepetitmuseeduvin.com\/wp-content\/uploads\/2025\/12\/Gemini_Generated_Image_mwv11smwv11smwv1-scaled.webp) !important;background-position:top center !important;background-size:100% !important;min-height:722px !important;align-items:center !important;padding-top:var(--stk--preset--spacing--40, 1rem) !important;padding-right:var(--stk--preset--spacing--70, 3.38rem) !important;padding-bottom:var(--stk--preset--spacing--40, 1rem) !important;padding-left:var(--stk--preset--spacing--70, 3.38rem) !important;margin-bottom:0px !important;display:flex !important;}.stk-948158f:before{background-color:#000000 !important;opacity:0.6 !important;}@media screen and (max-width:689px){.stk-948158f {background-repeat:no-repeat !important;background-size:cover !important;min-height:var(--stk--preset--block-height--none, 0px) !important;}}<\/style><div class=\"stk-row stk-inner-blocks stk-block-content stk-content-align stk-948158f-column alignwide\">\n<div class=\"wp-block-stackable-column stk-block-column stk-column stk-block stk-98a4699\" data-v=\"4\" data-block-id=\"98a4699\"><div class=\"stk-column-wrapper stk-block-column__content stk-container stk-98a4699-container stk--no-background stk--no-padding\"><div class=\"has-text-align-center stk-block-content stk-inner-blocks stk-98a4699-inner-blocks\">\n<div class=\"wp-block-stackable-subtitle stk-block-subtitle stk-block stk-01b6586\" data-block-id=\"01b6586\"><style>.stk-01b6586 .stk-block-subtitle__text{color:#ffffff !important;text-transform:uppercase !important;font-family:\"Josefin Sans\", Sans-serif !important;}<\/style><p class=\"stk-block-subtitle__text stk-subtitle has-text-color has-text-align-center-mobile\">Wine-tasting <strong>workshops<\/strong><\/p><\/div>\n\n\n\n<div class=\"wp-block-stackable-heading stk-block-heading stk-block-heading--v2 stk-block stk-32cb5d6\" id=\"heading-placeholder\" data-block-id=\"32cb5d6\"><style>.stk-32cb5d6 .stk-block-heading__text{font-size:55px !important;color:#ffffff !important;}@media screen and (max-width:999px){.stk-32cb5d6 .stk-block-heading__text{font-size:50px !important;}}@media screen and (max-width:689px){.stk-32cb5d6 {margin-bottom:0px !important;}.stk-32cb5d6 .stk-block-heading__text{font-size:20px !important;}}<\/style><h2 class=\"stk-block-heading__text has-text-color has-text-align-center has-text-align-center-mobile\"><strong>An <\/strong>introduction<strong> to <\/strong>wine tasting<\/h2><\/div>\n\n\n\n<p class=\"has-palette-color-3-color has-text-color has-link-color wp-elements-06aa7dc8b2cfb9c6c0a533dc10130cca\" style=\"padding-right:0;padding-left:0;font-size:clamp(14px, 0.875rem + ((1vw - 3.2px) * 0.391), 19px);font-style:normal;font-weight:400\">Does the world of wine intimidate you? Do you love wine but don\u2019t know how to talk about it? This workshop is for you! Both educational and fun, this special session is designed for beginners who want to discover wine tasting, learn the basics to better understand and appreciate wines, and learn how to talk about them\u2026 in a relaxed and accessible way.<\/p>\n\n\n\n<!-- Start Smeetz Embed Code -->\n    <script>\n    !function(e, t, n, i, p, r, s) {\n      e[n] || ((p = e[n] = function() {\n      p.p ? p.p.apply(p, arguments) : p.q.push(arguments);\n      }).q = [], p.t = 1 * new Date(), p.g = \"19810\", (r = t.createElement(\"script\")).async = 1,\n      r.src = \"https:\/\/tracker.smeetz.com\/smeetz-main-widget.js\", (s = t.getElementsByTagName(\"script\")[0]).parentNode.insertBefore(r, s));\n    }(window, document, \"_smtz\");\n    <\/script>\n    \n    <div class=\"smtz-w\"\n      data-smtz-gid=\"19810\"\n      data-smtz-wid=\"4892\"\n      >\n      <\/div>\n    <!-- End Smeetz Embed Code -->\n\n\n\n<div class=\"smtz-w\"\n      data-smtz-gid=\"19810\"\n      data-smtz-wid=\"4891\"\n      >\n      <\/div>\n<\/div><\/div><\/div>\n<\/div><\/div>\n\n\n\n<p><\/p>\n\n\n\n<div class=\"wp-block-stackable-columns alignfull stk-block-columns stk-block stk-c95f235 stk-block-background stk--has-background-overlay\" data-block-id=\"c95f235\"><style>.stk-c95f235 .stk--block-align-c95f235{align-items:center !important;}.stk-c95f235 {background-color:var(--theme-palette-color-3, #fffdf7) !important;background-image:url(https:\/\/lepetitmuseeduvin.com\/wp-content\/uploads\/2025\/12\/4.webp) !important;background-attachment:fixed !important;background-position:bottom left !important;background-size:82% !important;padding-top:var(--stk--preset--spacing--70, 3.38rem) !important;padding-right:var(--stk--preset--spacing--70, 3.38rem) !important;padding-bottom:var(--stk--preset--spacing--70, 3.38rem) !important;padding-left:var(--stk--preset--spacing--70, 3.38rem) !important;margin-top:var(--stk--preset--spacing--none, 0px) !important;margin-right:0px !important;margin-bottom:var(--stk--preset--spacing--none, 0px) !important;margin-left:0px !important;}.stk-c95f235:before{background-color:var(--theme-palette-color-3, #fffdf7) !important;opacity:0 !important;}@media screen and (max-width:689px){.stk-c95f235 {background-position:top center !important;background-size:cover !important;}}<\/style><div class=\"stk-row stk-inner-blocks stk--block-align-c95f235 stk-block-content stk-content-align stk-c95f235-column alignwide\">\n<div class=\"wp-block-stackable-column stk-block-column stk-column stk-block stk-a5327a7\" data-v=\"4\" data-block-id=\"a5327a7\"><style>@media screen and (max-width:689px){.stk-a5327a7 {flex:var(--stk-flex-grow, 1) 1 calc(100% - var(--stk-column-gap, 0px) * 0 \/ 1 ) !important;}}<\/style><div class=\"stk-column-wrapper stk-block-column__content stk-container stk-a5327a7-container stk--no-background stk--no-padding\"><div class=\"stk-block-content stk-inner-blocks stk-a5327a7-inner-blocks\">\n<div class=\"wp-block-stackable-heading stk-block-heading stk-block-heading--v2 stk-block stk-9869c9b\" id=\"heading-placeholder\" data-block-id=\"9869c9b\"><style>.stk-9869c9b {padding-right:var(--stk--preset--spacing--80, 5.06rem) !important;padding-left:var(--stk--preset--spacing--none, 0px) !important;margin-bottom:0px !important;}<\/style><h3 class=\"stk-block-heading__text\"><strong>What\u2019s on the agenda for this workshop<\/strong><\/h3><\/div>\n\n\n\n<p><strong><span style=\"color: var(--theme-palette-color-1, #310E31);\" class=\"stk-highlight\">(Dur\u00e9e : env. 2h)<\/span><\/strong><\/p>\n\n\n\n<div class=\"wp-block-stackable-text stk-block-text stk-block stk-d52f8a8\" data-block-id=\"d52f8a8\"><style>.stk-d52f8a8 {column-count:1 !important;padding-top:var(--stk--preset--spacing--none, 0px) !important;padding-right:var(--stk--preset--spacing--none, 0px) !important;padding-bottom:var(--stk--preset--spacing--none, 0px) !important;padding-left:var(--stk--preset--spacing--none, 0px) !important;margin-right:var(--stk--preset--spacing--60, 2.25rem) !important;margin-bottom:0px !important;}.stk-d52f8a8 .stk-block-text__text{font-size:21px !important;}@media screen and (max-width:999px){.stk-d52f8a8 .stk-block-text__text{font-size:21px !important;}}<\/style><p class=\"stk-block-text__text has-text-align-left\"><span style=\"color: var(--theme-palette-color-1, #310E31);\" class=\"stk-highlight\">No more complicated jargon! Led by our sommelier-host, you\u2019ll learn to trust your senses in a friendly atmosphere.<\/span><\/p><\/div>\n\n\n\n<p style=\"padding-right:var(--wp--preset--spacing--80);font-size:clamp(14px, 0.875rem + ((1vw - 3.2px) * 0.234), 17px);\"><span style=\"color: var(--theme-palette-color-1, #310E31);\" class=\"stk-highlight\"><strong>Understanding grape varieties: <\/strong>Why does a wine taste of grapefruit or pepper? It all comes down to the grapes!<\/span><\/p>\n\n\n\n<p style=\"padding-right:var(--wp--preset--spacing--70);font-size:clamp(14px, 0.875rem + ((1vw - 3.2px) * 0.234), 17px);\"><span style=\"color: var(--theme-palette-color-1, #310E31);\" class=\"stk-highlight\"><strong>The art of wine tasting in 3 steps:<\/strong> Learn to observe (the colour), smell (the aroma) and taste (the flavour) like a pro.<\/span><\/p>\n\n\n\n<p style=\"padding-right:var(--wp--preset--spacing--70);padding-left:0;font-size:clamp(14px, 0.875rem + ((1vw - 3.2px) * 0.234), 17px);\"><span style=\"color: var(--theme-palette-color-1, #310E31);\" class=\"stk-highlight\"><strong>Wine vocabulary made easy:<\/strong> Put your feelings into simple words (acidity, tannins, body, aromas).<\/span><\/p>\n\n\n\n<p style=\"font-size:clamp(14px, 0.875rem + ((1vw - 3.2px) * 0.234), 17px);\"><span style=\"color: var(--theme-palette-color-1, #310E31);\" class=\"stk-highlight\"><strong>The Scent Game: <\/strong>Fun little tests to refresh your sense of smell.<\/span><\/p>\n<\/div><\/div><\/div>\n\n\n\n<div class=\"wp-block-stackable-column stk-block-column stk-column stk-block stk-48d63c6\" data-v=\"4\" data-block-id=\"48d63c6\"><style>@media screen and (max-width:689px){.stk-48d63c6 {flex:var(--stk-flex-grow, 1) 1 calc(100% - var(--stk-column-gap, 0px) * 0 \/ 1 ) !important;}}<\/style><div class=\"stk-column-wrapper stk-block-column__content stk-container stk-48d63c6-container stk--no-background stk--no-padding\"><div class=\"has-text-align-center stk-block-content stk-inner-blocks stk-48d63c6-inner-blocks\">\n<div class=\"wp-block-stackable-image stk-block-image stk-block stk-46b9ac2\" data-block-id=\"46b9ac2\"><style>.stk-46b9ac2 .stk-img-wrapper{aspect-ratio:1\/1 !important;width:100% !important;height:588px !important;}@media screen and (max-width:689px){.stk-46b9ac2 .stk-img-wrapper{aspect-ratio:1\/1 !important;width:100% !important;height:125px !important;}}<\/style><figure><span class=\"stk-img-wrapper stk-image--shape-stretch\"><img loading=\"lazy\" decoding=\"async\" class=\"stk-img wp-image-488\" src=\"https:\/\/lepetitmuseeduvin.com\/wp-content\/uploads\/2025\/12\/Gemini_Generated_Image_xemvdixemvdixemv-scaled.webp\" width=\"1920\" height=\"815\" alt=\"D\u00e9gustation de vin \u00e0 Lyon\" srcset=\"https:\/\/lepetitmuseeduvin.com\/wp-content\/uploads\/2025\/12\/Gemini_Generated_Image_xemvdixemvdixemv-scaled.webp 1920w, https:\/\/lepetitmuseeduvin.com\/wp-content\/uploads\/2025\/12\/Gemini_Generated_Image_xemvdixemvdixemv-300x127.webp 300w, https:\/\/lepetitmuseeduvin.com\/wp-content\/uploads\/2025\/12\/Gemini_Generated_Image_xemvdixemvdixemv-1024x434.webp 1024w, https:\/\/lepetitmuseeduvin.com\/wp-content\/uploads\/2025\/12\/Gemini_Generated_Image_xemvdixemvdixemv-768x326.webp 768w, https:\/\/lepetitmuseeduvin.com\/wp-content\/uploads\/2025\/12\/Gemini_Generated_Image_xemvdixemvdixemv-1536x652.webp 1536w\" sizes=\"auto, (max-width: 1920px) 100vw, 1920px\" \/><\/span><\/figure><\/div>\n<\/div><\/div><\/div>\n<\/div><\/div>\n\n\n\n<div class=\"wp-block-stackable-columns alignfull stk-block-columns stk-block stk-4df8877 stk-block-background stk--has-background-overlay\" data-block-id=\"4df8877\"><style>.stk-4df8877 {background-image:url(https:\/\/lepetitmuseeduvin.com\/wp-content\/uploads\/2025\/12\/4.webp) !important;background-attachment:fixed !important;background-position:top left !important;background-size:83% !important;margin-top:var(--stk--preset--spacing--none, 0px) !important;margin-right:0px !important;margin-bottom:var(--stk--preset--spacing--none, 0px) !important;margin-left:0px !important;}@media screen and (max-width:689px){.stk-4df8877 {background-position:top left !important;background-size:cover !important;}}<\/style><div class=\"stk-row stk-inner-blocks stk-block-content stk-content-align stk-4df8877-column alignwide\">\n<div class=\"wp-block-stackable-column stk-block-column stk-column stk-block stk-3fc5e81\" data-v=\"4\" data-block-id=\"3fc5e81\"><div class=\"stk-column-wrapper stk-block-column__content stk-container stk-3fc5e81-container stk--no-background stk--no-padding\"><div class=\"stk-block-content stk-inner-blocks stk-3fc5e81-inner-blocks\">\n<div class=\"wp-block-stackable-columns stk-block-columns stk-block stk-d0e853f\" data-block-id=\"d0e853f\"><div class=\"stk-row stk-inner-blocks stk-block-content stk-content-align stk-d0e853f-column\">\n<div class=\"wp-block-stackable-column stk-block-column stk-column stk-block stk-8c577bc\" data-v=\"4\" data-block-id=\"8c577bc\"><div class=\"stk-column-wrapper stk-block-column__content stk-container stk-8c577bc-container stk--no-background stk--no-padding\"><div class=\"stk-block-content stk-inner-blocks stk-8c577bc-inner-blocks\">\n<div class=\"wp-block-stackable-columns stk-block-columns stk-block stk-a1661de\" data-block-id=\"a1661de\"><style>.stk-a1661de {border-top-left-radius:var(--stk--preset--border-radius--medium, 8px) !important;border-top-right-radius:var(--stk--preset--border-radius--medium, 8px) !important;border-bottom-right-radius:var(--stk--preset--border-radius--medium, 8px) !important;border-bottom-left-radius:var(--stk--preset--border-radius--medium, 8px) !important;overflow:hidden !important;}<\/style><div class=\"stk-row stk-inner-blocks stk-block-content stk-content-align stk-a1661de-column\">\n<div class=\"wp-block-stackable-column stk-block-column stk-column stk-block stk-cf248aa\" data-v=\"4\" data-block-id=\"cf248aa\"><style>.stk-cf248aa-container{margin-top:var(--stk--preset--spacing--none, 0px) !important;margin-right:var(--stk--preset--spacing--none, 0px) !important;margin-bottom:var(--stk--preset--spacing--none, 0px) !important;margin-left:var(--stk--preset--spacing--none, 0px) !important;background-color:var(--theme-palette-color-6, #f3ebdf) !important;border-top-left-radius:var(--stk--preset--border-radius--large, 16px) !important;border-top-right-radius:var(--stk--preset--border-radius--large, 16px) !important;border-bottom-right-radius:var(--stk--preset--border-radius--large, 16px) !important;border-bottom-left-radius:var(--stk--preset--border-radius--large, 16px) !important;overflow:hidden !important;}.stk-cf248aa-container:before{background-color:var(--theme-palette-color-6, #f3ebdf) !important;}<\/style><div class=\"stk-column-wrapper stk-block-column__content stk-container stk-cf248aa-container stk-hover-parent\"><div class=\"stk-block-content stk-inner-blocks stk-cf248aa-inner-blocks\">\n<div class=\"wp-block-stackable-subtitle stk-block-subtitle stk-block stk-cffa58b\" data-block-id=\"cffa58b\"><style>.stk-cffa58b {margin-bottom:0px !important;}.stk-cffa58b .stk-block-subtitle__text{color:var(--theme-palette-color-1, #310E31) !important;}<\/style><p class=\"stk-block-subtitle__text stk-subtitle has-text-color\">An introduction to wine tasting<\/p><\/div>\n\n\n\n<div class=\"wp-block-stackable-heading stk-block-heading stk-block-heading--v2 stk-block stk-c560751\" id=\"c-title-1-placeholder\" data-block-id=\"c560751\"><h3 class=\"stk-block-heading__text\"><strong>The tasting: A tour of France\u2019s single-varietal wines<\/strong><\/h3><\/div>\n\n\n\n<div class=\"wp-block-stackable-text stk-block-text stk-block stk-bbb9675\" data-block-id=\"bbb9675\"><p class=\"stk-block-text__text\"><span style=\"color: var(--theme-palette-color-1, #310E31);\" class=\"stk-highlight\">To really understand wine, there\u2019s nothing quite like tasting <strong>\u2018single-varietal\u2019<\/strong> wines \u2013 that is, wines made from a single grape variety, without any blending. <strong>We\u2019ve selected six iconic wines<\/strong> for you to take a flavour tour of France:<\/span><\/p><\/div>\n\n\n\n<p><span style=\"color: var(--theme-palette-color-1, #310E31);\" class=\"stk-highlight\"><strong>The Reds:<\/strong> The crispness and red fruit notes of <strong>Gamay<\/strong>, set against the power and spicy notes (pepper and violet) of <strong>Syrah<\/strong>. (The sixth wine will be a surprise from our sommelier to test your new knowledge!)<\/span><\/p>\n\n\n\n<p><span style=\"color: var(--theme-palette-color-1, #310E31);\" class=\"stk-highlight\"><strong>White wines: <\/strong>The buttery notes of <strong>Chardonnay<\/strong>, the crispness of <strong>Sauvignon<\/strong> (or Chenin), and the floral richness of <strong>Roussanne<\/strong> (or Marsanne).<\/span><\/p>\n<\/div><\/div><\/div>\n<\/div><\/div>\n<\/div><\/div><\/div>\n\n\n\n<div class=\"wp-block-stackable-column stk-block-column stk-column stk-block stk-9803801\" data-v=\"4\" data-block-id=\"9803801\"><div class=\"stk-column-wrapper stk-block-column__content stk-container stk-9803801-container stk--no-background stk--no-padding\"><div class=\"stk-block-content stk-inner-blocks stk-9803801-inner-blocks\">\n<div class=\"wp-block-stackable-columns stk-block-columns stk-block stk-2258bc6\" data-block-id=\"2258bc6\"><div class=\"stk-row stk-inner-blocks stk-block-content stk-content-align stk-2258bc6-column\">\n<div class=\"wp-block-stackable-column stk-block-column stk-column stk-block stk-0aa78bb\" data-v=\"4\" data-block-id=\"0aa78bb\"><style>.stk-0aa78bb-container{margin-top:var(--stk--preset--spacing--none, 0px) !important;margin-right:var(--stk--preset--spacing--none, 0px) !important;margin-bottom:var(--stk--preset--spacing--none, 0px) !important;margin-left:var(--stk--preset--spacing--none, 0px) !important;background-color:var(--theme-palette-color-6, #f3ebdf) !important;border-top-left-radius:var(--stk--preset--border-radius--large, 16px) !important;border-top-right-radius:var(--stk--preset--border-radius--large, 16px) !important;border-bottom-right-radius:var(--stk--preset--border-radius--large, 16px) !important;border-bottom-left-radius:var(--stk--preset--border-radius--large, 16px) !important;overflow:hidden !important;}.stk-0aa78bb-container:before{background-color:var(--theme-palette-color-6, #f3ebdf) !important;}<\/style><div class=\"stk-column-wrapper stk-block-column__content stk-container stk-0aa78bb-container stk-hover-parent\"><div class=\"stk-block-content stk-inner-blocks stk-0aa78bb-inner-blocks\">\n<div class=\"wp-block-stackable-subtitle stk-block-subtitle stk-block stk-831daf8\" data-block-id=\"831daf8\"><style>.stk-831daf8 {margin-bottom:0px !important;}.stk-831daf8 .stk-block-subtitle__text{color:var(--theme-palette-color-1, #310E31) !important;}<\/style><p class=\"stk-block-subtitle__text stk-subtitle has-text-color\">An introduction to wine tasting<\/p><\/div>\n\n\n\n<div class=\"wp-block-stackable-heading stk-block-heading stk-block-heading--v2 stk-block stk-0b19baa\" id=\"c-title-2-placeholder\" data-block-id=\"0b19baa\"><style>.stk-0b19baa {margin-bottom:6px !important;}<\/style><h3 class=\"stk-block-heading__text\"><strong>The little extras from the workshop<\/strong><\/h3><\/div>\n\n\n\n<p class=\"has-palette-color-3-color has-text-color has-link-color wp-elements-e9fa362c13ca41d920c11500bfcb8c5a\"><span style=\"color: var(--theme-palette-color-1, #310E31);\" class=\"stk-highlight\"><strong>Souvenir gift:<\/strong> Take home a complimentary tasting glass!<\/span><\/p>\n\n\n\n<p class=\"has-palette-color-3-color has-text-color has-link-color wp-elements-dc89e726feb01c260e446cf0f4622ccc\"><span style=\"color: var(--theme-palette-color-1, #310E31);\" class=\"stk-highlight\"><strong>Educational material:<\/strong> You will be given a booklet so you don\u2019t forget any of your discoveries.<\/span><\/p>\n<\/div><\/div><\/div>\n<\/div><\/div>\n\n\n\n<!-- Start Smeetz Embed Code -->\n    <script>\n    !function(e, t, n, i, p, r, s) {\n      e[n] || ((p = e[n] = function() {\n      p.p ? p.p.apply(p, arguments) : p.q.push(arguments);\n      }).q = [], p.t = 1 * new Date(), p.g = \"19810\", (r = t.createElement(\"script\")).async = 1,\n      r.src = \"https:\/\/tracker.smeetz.com\/smeetz-main-widget.js\", (s = t.getElementsByTagName(\"script\")[0]).parentNode.insertBefore(r, s));\n    }(window, document, \"_smtz\");\n    <\/script>\n    \n    <div class=\"smtz-w\"\n      data-smtz-gid=\"19810\"\n      data-smtz-wid=\"4892\"\n      >\n      <\/div>\n    <!-- End Smeetz Embed Code -->\n<\/div><\/div><\/div>\n<\/div><\/div>\n<\/div><\/div><\/div>\n<\/div><\/div>\n\n\n\n<p><\/p>\n","protected":false},"excerpt":{"rendered":"<p>Wine-tasting workshops An introduction to wine tasting Does the world of wine intimidate you? Do you love wine but don\u2019t know how to talk about it? This workshop is for you! Both educational and fun, this special session is designed for beginners who want to discover wine tasting, learn the basics to better understand and [&hellip;]<\/p>\n","protected":false},"author":1,"featured_media":0,"parent":975,"menu_order":0,"comment_status":"closed","ping_status":"closed","template":"","meta":{"_seopress_robots_primary_cat":"","_seopress_titles_title":"Apprendre le vin \u00e0 Lyon - Ateliers d'\u0153nologie tous niveaux","_seopress_titles_desc":"Participez \u00e0 nos ateliers d\u00e9gustation \u00e0 Lyon 7\u00e8me. De l'initiation \u00e0 l'\u0153nologie aux accords mets & vins, apprenez \u00e0 d\u00e9guster dans nos caves vo\u00fbt\u00e9es. R\u00e9servation en ligne.","_seopress_robots_index":"","footnotes":""},"class_list":["post-1551","page","type-page","status-publish","hentry"],"blocksy_meta":[],"_links":{"self":[{"href":"https:\/\/lepetitmuseeduvin.com\/en\/wp-json\/wp\/v2\/pages\/1551","targetHints":{"allow":["GET"]}}],"collection":[{"href":"https:\/\/lepetitmuseeduvin.com\/en\/wp-json\/wp\/v2\/pages"}],"about":[{"href":"https:\/\/lepetitmuseeduvin.com\/en\/wp-json\/wp\/v2\/types\/page"}],"author":[{"embeddable":true,"href":"https:\/\/lepetitmuseeduvin.com\/en\/wp-json\/wp\/v2\/users\/1"}],"replies":[{"embeddable":true,"href":"https:\/\/lepetitmuseeduvin.com\/en\/wp-json\/wp\/v2\/comments?post=1551"}],"version-history":[{"count":4,"href":"https:\/\/lepetitmuseeduvin.com\/en\/wp-json\/wp\/v2\/pages\/1551\/revisions"}],"predecessor-version":[{"id":1560,"href":"https:\/\/lepetitmuseeduvin.com\/en\/wp-json\/wp\/v2\/pages\/1551\/revisions\/1560"}],"up":[{"embeddable":true,"href":"https:\/\/lepetitmuseeduvin.com\/en\/wp-json\/wp\/v2\/pages\/975"}],"wp:attachment":[{"href":"https:\/\/lepetitmuseeduvin.com\/en\/wp-json\/wp\/v2\/media?parent=1551"}],"curies":[{"name":"wp","href":"https:\/\/api.w.org\/{rel}","templated":true}]}}