{"id":1196,"date":"2026-02-17T09:56:50","date_gmt":"2026-02-17T09:56:50","guid":{"rendered":"https:\/\/lepetitmuseeduvin.com\/?page_id=1196"},"modified":"2026-04-07T07:58:36","modified_gmt":"2026-04-07T07:58:36","slug":"gift-voucher","status":"publish","type":"page","link":"https:\/\/lepetitmuseeduvin.com\/en\/gift-voucher\/","title":{"rendered":"Gift Voucher"},"content":{"rendered":"\n<div class=\"wp-block-stackable-columns alignfull stk-block-columns stk-block stk-948158f stk-block-background stk--has-background-overlay\" data-block-id=\"948158f\"><style>.stk-948158f {background-image:url(https:\/\/lepetitmuseeduvin.com\/wp-content\/uploads\/2026\/04\/P1080323-scaled.webp) !important;background-position:bottom center !important;min-height:836px !important;align-items:center !important;padding-top:var(--stk--preset--spacing--70, 3.38rem) !important;padding-right:var(--stk--preset--spacing--70, 3.38rem) !important;padding-bottom:var(--stk--preset--spacing--70, 3.38rem) !important;padding-left:var(--stk--preset--spacing--70, 3.38rem) !important;margin-bottom:0px !important;display:flex !important;}.stk-948158f:before{background-color:#000000 !important;opacity:0.6 !important;}@media screen and (max-width:689px){.stk-948158f {background-repeat:no-repeat !important;background-size:cover !important;min-height:var(--stk--preset--block-height--none, 0px) !important;}}<\/style><div class=\"stk-row stk-inner-blocks stk-block-content stk-content-align stk-948158f-column alignwide\">\n<div class=\"wp-block-stackable-column stk-block-column stk-column stk-block stk-98a4699\" data-v=\"4\" data-block-id=\"98a4699\"><div class=\"stk-column-wrapper stk-block-column__content stk-container stk-98a4699-container stk--no-background stk--no-padding\"><div class=\"has-text-align-center stk-block-content stk-inner-blocks stk-98a4699-inner-blocks\">\n<div class=\"wp-block-stackable-subtitle stk-block-subtitle stk-block stk-01b6586\" data-block-id=\"01b6586\"><style>.stk-01b6586 .stk-block-subtitle__text{color:#ffffff !important;text-transform:uppercase !important;font-family:\"Josefin Sans\", Sans-serif !important;}<\/style><p class=\"stk-block-subtitle__text stk-subtitle has-text-color has-text-align-center has-text-align-left-mobile\">le petit mus\u00e9e du vin<\/p><\/div>\n\n\n\n<div class=\"wp-block-stackable-heading stk-block-heading stk-block-heading--v2 stk-block stk-32cb5d6\" id=\"heading-placeholder\" data-block-id=\"32cb5d6\"><style>.stk-32cb5d6 .stk-block-heading__text{font-size:55px !important;color:#ffffff !important;}@media screen and (max-width:999px){.stk-32cb5d6 .stk-block-heading__text{font-size:50px !important;}}@media screen and (max-width:689px){.stk-32cb5d6 {margin-bottom:0px !important;}.stk-32cb5d6 .stk-block-heading__text{font-size:20px !important;}}<\/style><h2 class=\"stk-block-heading__text has-text-color has-text-align-center has-text-align-left-mobile\">Give the gift of a unique experience: <br>The Petit Mus\u00e9e du Vin Gift Voucher<\/h2><\/div>\n\n\n\n<div style=\"display: flex; justify-content: center; width: 100%; margin: 25px 0;\">\n    <div class=\"smtz-w\" data-smtz-gid=\"19810\" data-smtz-wid=\"4891\"><\/div>\n<\/div>\n<\/div><\/div><\/div>\n<\/div><\/div>\n\n\n\n<div class=\"wp-block-columns is-not-stacked-on-mobile is-layout-flex wp-container-core-columns-is-layout-e0e4babd wp-block-columns-is-layout-flex\" style=\"padding-right:0;padding-left:0\">\n<div class=\"wp-block-column is-layout-constrained wp-block-column-is-layout-constrained\" style=\"padding-top:var(--wp--preset--spacing--70);padding-bottom:var(--wp--preset--spacing--70)\">\n<h2 class=\"wp-block-heading\">What to expect?<\/h2>\n\n\n\n<p class=\"has-palette-color-1-color has-text-color has-link-color wp-elements-587ba63b80466af9c2d2d1f0fdc69207\">The lucky recipient will enjoy full access to our hybrid concept:<\/p>\n\n\n\n<ul class=\"wp-block-list\">\n<li class=\"has-palette-color-1-color has-text-color has-link-color wp-elements-88dbb581251e426bc16220e8a1ab9bf8\">\ud83c\udf47 <strong>An immersive and interactive tour:<\/strong> Discover the terroirs of France, geology (with our famous &#8220;touchable&#8221; rocks), winemaking secrets, and the history of the vine.<\/li>\n\n\n\n<li>\ud83c\udf77 <strong>An exceptional tasting:<\/strong> Access our fine selection of 16 wines by the glass. Hidden gems from independent winemakers, organic or natural wines, Beaujolais and Rh\u00f4ne Valley crus, and even a superb Grand Cru Champagne!<\/li>\n\n\n\n<li class=\"has-palette-color-1-color has-text-color has-link-color wp-elements-54104488a09666b7d88817f92f269d98\">\ud83e\udd1d <strong>A friendly atmosphere:<\/strong> Our experts are here to guide them, answer their questions, and make sure they have a warm and relaxed time.<\/li>\n<\/ul>\n\n\n\n<h2 class=\"wp-block-heading\">How does it work? It&#8217;s very simple!<\/h2>\n\n\n\n<ul class=\"wp-block-list\">\n<li class=\"has-palette-color-1-color has-text-color has-link-color wp-elements-c04c94e9007233c930d322008e2d1d61\"><strong>Choose your package:<\/strong> Select the type of experience you wish to give.<\/li>\n\n\n\n<li><strong>Receive your voucher:<\/strong> As soon as your order is confirmed, you will receive a beautiful gift voucher by email, ready to be printed or forwarded to the lucky recipient.<\/li>\n\n\n\n<li class=\"has-palette-color-1-color has-text-color has-link-color wp-elements-0fd2706752d0f9844d7c15526968dbaa\"><strong>Total freedom:<\/strong> The recipient simply visits our website to book the date and time of their visit using the unique code written on their voucher.<\/li>\n<\/ul>\n\n\n\n<h4 class=\"wp-block-heading\">Infos<\/h4>\n\n\n\n<ul class=\"wp-block-list\">\n<li class=\"has-palette-color-1-color has-text-color has-link-color wp-elements-d1b27f0c3bbe3da9fce5fd968887cf7b\">\u23f3 <strong>Validity:<\/strong> All our gift vouchers are valid for <strong>1 year<\/strong> from the date of purchase.<\/li>\n\n\n\n<li>\ud83d\udccd <strong>Location:<\/strong> Le Petit Mus\u00e9e du Vin, 3 rue Passet, 69007 Lyon.<\/li>\n\n\n\n<li class=\"has-palette-color-1-color has-text-color has-link-color wp-elements-5c8e161b1e82c2d6fe9ae9fa4662d6b2\">\ud83d\udd1e <em>Reminder: The wine tasting experience is strictly reserved for adults (18+).<\/em><\/li>\n<\/ul>\n\n\n\n<div style=\"display: flex; justify-content: center; width: 100%; margin-top: 20px;\">\n    <div class=\"smtz-w\" data-smtz-gid=\"19810\" data-smtz-wid=\"4891\"><\/div>\n<\/div>\n<\/div>\n<\/div>\n\n\n\n<p><\/p>\n\n\n","protected":false},"excerpt":{"rendered":"<p>le petit mus\u00e9e du vin Give the gift of a unique experience: The Petit Mus\u00e9e du Vin Gift Voucher What to expect? The lucky recipient will enjoy full access to our hybrid concept: How does it work? It&#8217;s very simple! Infos<\/p>\n","protected":false},"author":1,"featured_media":0,"parent":0,"menu_order":0,"comment_status":"closed","ping_status":"closed","template":"","meta":{"_seopress_robots_primary_cat":"","_seopress_titles_title":"Bon Cadeau D\u00e9gustation Vin Lyon | Le Petit Mus\u00e9e du Vin","_seopress_titles_desc":"\u00c0 la recherche du cadeau id\u00e9al ? Offrez une exp\u00e9rience immersive et une d\u00e9gustation de vins inoubliable au Petit Mus\u00e9e du Vin \u00e0 Lyon. Bon cadeau valable 1 an.","_seopress_robots_index":"","footnotes":""},"class_list":["post-1196","page","type-page","status-publish","hentry"],"blocksy_meta":[],"_links":{"self":[{"href":"https:\/\/lepetitmuseeduvin.com\/en\/wp-json\/wp\/v2\/pages\/1196","targetHints":{"allow":["GET"]}}],"collection":[{"href":"https:\/\/lepetitmuseeduvin.com\/en\/wp-json\/wp\/v2\/pages"}],"about":[{"href":"https:\/\/lepetitmuseeduvin.com\/en\/wp-json\/wp\/v2\/types\/page"}],"author":[{"embeddable":true,"href":"https:\/\/lepetitmuseeduvin.com\/en\/wp-json\/wp\/v2\/users\/1"}],"replies":[{"embeddable":true,"href":"https:\/\/lepetitmuseeduvin.com\/en\/wp-json\/wp\/v2\/comments?post=1196"}],"version-history":[{"count":5,"href":"https:\/\/lepetitmuseeduvin.com\/en\/wp-json\/wp\/v2\/pages\/1196\/revisions"}],"predecessor-version":[{"id":1737,"href":"https:\/\/lepetitmuseeduvin.com\/en\/wp-json\/wp\/v2\/pages\/1196\/revisions\/1737"}],"wp:attachment":[{"href":"https:\/\/lepetitmuseeduvin.com\/en\/wp-json\/wp\/v2\/media?parent=1196"}],"curies":[{"name":"wp","href":"https:\/\/api.w.org\/{rel}","templated":true}]}}